{"id":1170,"date":"2022-11-27T16:39:55","date_gmt":"2022-11-27T15:39:55","guid":{"rendered":"https:\/\/zdepot-dz.com\/?post_type=product&#038;p=1170"},"modified":"2023-04-09T10:49:39","modified_gmt":"2023-04-09T09:49:39","slug":"pistolet-peinture-electrique-crown","status":"publish","type":"product","link":"https:\/\/zdepot-dz.com\/?product=pistolet-peinture-electrique-crown","title":{"rendered":"Pistolet Peinture \u00c9lectrique Crown"},"content":{"rendered":"<h3>Pistolet Peinture \u00c9lectrique Crown<\/h3>\n<p>D\u00e9bit de peinture variable permet de r\u00e9gler l\u2019intensit\u00e9 de l\u2019application de peinture en assurant une couverture parfaite.<br \/>\nBuse r\u00e9glable permet de choisir entre 3 formes de jet diff\u00e9rentes.<br \/>\nRemplissage facile permet de remplir le r\u00e9servoir sans le d\u00e9monter.<br \/>\nNettoyage de s\u00e9curit\u00e9 \u00e9vitez les chocs \u00e9lectriques lors du nettoyage des outils \u00e9lectriques.<br \/>\nStation int\u00e9gr\u00e9e vous permet de stocker et de transporter en toute s\u00e9curit\u00e9 le pulv\u00e9risateur.<br \/>\nPrise souple situ\u00e9 sur la poign\u00e9e, il offre un confort suppl\u00e9mentaire aux utilisateurs.<\/p>\n","protected":false},"excerpt":{"rendered":"<p>Pistolet Peinture \u00c9lectrique Crown D\u00e9bit de peinture variable permet de r\u00e9gler l\u2019intensit\u00e9 de l\u2019application de peinture en assurant une couverture parfaite. Buse r\u00e9glable permet de choisir entre 3 formes de jet diff\u00e9rentes. Remplissage facile permet de remplir le r\u00e9servoir sans le d\u00e9monter. Nettoyage de s\u00e9curit\u00e9 \u00e9vitez les chocs \u00e9lectriques lors du nettoyage des outils \u00e9lectriques. &hellip;<\/p>\n<p class=\"read-more\"> <a class=\"\" href=\"https:\/\/zdepot-dz.com\/?product=pistolet-peinture-electrique-crown\"> <span class=\"screen-reader-text\">Pistolet Peinture \u00c9lectrique Crown<\/span> Lire la suite\u00a0\u00bb<\/a><\/p>\n","protected":false},"featured_media":1172,"comment_status":"closed","ping_status":"closed","template":"","meta":{"site-sidebar-layout":"default","site-content-layout":"default","ast-global-header-display":"","ast-banner-title-visibility":"","ast-main-header-display":"","ast-hfb-above-header-display":"","ast-hfb-below-header-display":"","ast-hfb-mobile-header-display":"","site-post-title":"","ast-breadcrumbs-content":"","ast-featured-img":"","footer-sml-layout":"","theme-transparent-header-meta":"default","adv-header-id-meta":"","stick-header-meta":"","header-above-stick-meta":"","header-main-stick-meta":"","header-below-stick-meta":""},"product_cat":[53,57],"product_tag":[63,82],"jetpack_sharing_enabled":true,"_links":{"self":[{"href":"https:\/\/zdepot-dz.com\/index.php?rest_route=\/wp\/v2\/product\/1170"}],"collection":[{"href":"https:\/\/zdepot-dz.com\/index.php?rest_route=\/wp\/v2\/product"}],"about":[{"href":"https:\/\/zdepot-dz.com\/index.php?rest_route=\/wp\/v2\/types\/product"}],"replies":[{"embeddable":true,"href":"https:\/\/zdepot-dz.com\/index.php?rest_route=%2Fwp%2Fv2%2Fcomments&post=1170"}],"wp:featuredmedia":[{"embeddable":true,"href":"https:\/\/zdepot-dz.com\/index.php?rest_route=\/wp\/v2\/media\/1172"}],"wp:attachment":[{"href":"https:\/\/zdepot-dz.com\/index.php?rest_route=%2Fwp%2Fv2%2Fmedia&parent=1170"}],"wp:term":[{"taxonomy":"product_cat","embeddable":true,"href":"https:\/\/zdepot-dz.com\/index.php?rest_route=%2Fwp%2Fv2%2Fproduct_cat&post=1170"},{"taxonomy":"product_tag","embeddable":true,"href":"https:\/\/zdepot-dz.com\/index.php?rest_route=%2Fwp%2Fv2%2Fproduct_tag&post=1170"}],"curies":[{"name":"wp","href":"https:\/\/api.w.org\/{rel}","templated":true}]}}