{"id":1164,"date":"2022-11-27T15:55:31","date_gmt":"2022-11-27T14:55:31","guid":{"rendered":"https:\/\/zdepot-dz.com\/?post_type=product&#038;p=1164"},"modified":"2023-04-09T10:36:09","modified_gmt":"2023-04-09T09:36:09","slug":"crown-pistolet-peinture-electrique-0-8l-80w","status":"publish","type":"product","link":"https:\/\/zdepot-dz.com\/?product=crown-pistolet-peinture-electrique-0-8l-80w","title":{"rendered":"Crown Pistolet Peinture \u00c9lectrique 0.8l 80w"},"content":{"rendered":"<h3>Crown Pistolet Peinture \u00c9lectrique 0.8l 80w<\/h3>\n<p>Peindre les murs et les meubles en toute simplicit\u00e9<\/p>\n<p>Facile \u00e0 d\u00e9monter et \u00e0 ranger<\/p>\n<p>Poign\u00e9e l\u00e9g\u00e8re et ergonomique<\/p>\n<p>D\u00e9bit max.air: 250 ml\/min<\/p>\n<p>Capacit\u00e9 du r\u00e9servoir: 800 ml<\/p>\n","protected":false},"excerpt":{"rendered":"<p>Crown Pistolet Peinture \u00c9lectrique 0.8l 80w Peindre les murs et les meubles en toute simplicit\u00e9 Facile \u00e0 d\u00e9monter et \u00e0 ranger Poign\u00e9e l\u00e9g\u00e8re et ergonomique D\u00e9bit max.air: 250 ml\/min Capacit\u00e9 du r\u00e9servoir: 800 ml<\/p>\n","protected":false},"featured_media":1165,"comment_status":"closed","ping_status":"closed","template":"","meta":{"site-sidebar-layout":"default","site-content-layout":"default","ast-global-header-display":"","ast-banner-title-visibility":"","ast-main-header-display":"","ast-hfb-above-header-display":"","ast-hfb-below-header-display":"","ast-hfb-mobile-header-display":"","site-post-title":"","ast-breadcrumbs-content":"","ast-featured-img":"","footer-sml-layout":"","theme-transparent-header-meta":"default","adv-header-id-meta":"","stick-header-meta":"","header-above-stick-meta":"","header-main-stick-meta":"","header-below-stick-meta":""},"product_cat":[53,57],"product_tag":[63,82],"jetpack_sharing_enabled":true,"_links":{"self":[{"href":"https:\/\/zdepot-dz.com\/index.php?rest_route=\/wp\/v2\/product\/1164"}],"collection":[{"href":"https:\/\/zdepot-dz.com\/index.php?rest_route=\/wp\/v2\/product"}],"about":[{"href":"https:\/\/zdepot-dz.com\/index.php?rest_route=\/wp\/v2\/types\/product"}],"replies":[{"embeddable":true,"href":"https:\/\/zdepot-dz.com\/index.php?rest_route=%2Fwp%2Fv2%2Fcomments&post=1164"}],"wp:featuredmedia":[{"embeddable":true,"href":"https:\/\/zdepot-dz.com\/index.php?rest_route=\/wp\/v2\/media\/1165"}],"wp:attachment":[{"href":"https:\/\/zdepot-dz.com\/index.php?rest_route=%2Fwp%2Fv2%2Fmedia&parent=1164"}],"wp:term":[{"taxonomy":"product_cat","embeddable":true,"href":"https:\/\/zdepot-dz.com\/index.php?rest_route=%2Fwp%2Fv2%2Fproduct_cat&post=1164"},{"taxonomy":"product_tag","embeddable":true,"href":"https:\/\/zdepot-dz.com\/index.php?rest_route=%2Fwp%2Fv2%2Fproduct_tag&post=1164"}],"curies":[{"name":"wp","href":"https:\/\/api.w.org\/{rel}","templated":true}]}}