{"id":1162,"date":"2022-11-27T15:37:59","date_gmt":"2022-11-27T14:37:59","guid":{"rendered":"https:\/\/zdepot-dz.com\/?post_type=product&#038;p=1162"},"modified":"2023-04-09T10:34:40","modified_gmt":"2023-04-09T09:34:40","slug":"pistolet-a-peinture-electrique-1mm-500w-ct31004","status":"publish","type":"product","link":"https:\/\/zdepot-dz.com\/?product=pistolet-a-peinture-electrique-1mm-500w-ct31004","title":{"rendered":"Pistolet \u00c0 Peinture \u00c9lectrique 1MM 500w ct31004"},"content":{"rendered":"<h3>Pistolet \u00c0 Peinture \u00c9lectrique 1MM 500w ct31004<\/h3>\n<p>D\u00e9bit de peinture variable permet de r\u00e9gler l\u2019intensit\u00e9 de l\u2019application de peinture en assurant une couverture parfaite.<br \/>\nBuse r\u00e9glable permet de choisir entre 3 formes de jet diff\u00e9rentes.<br \/>\nRemplissage facile permet de remplir le r\u00e9servoir sans le d\u00e9monter.<br \/>\nNettoyage de s\u00e9curit\u00e9 \u00e9vitez les chocs \u00e9lectriques lors du nettoyage des outils \u00e9lectriques.<br \/>\nStation int\u00e9gr\u00e9e vous permet de stocker et de transporter en toute s\u00e9curit\u00e9 le pulv\u00e9risateur.<br \/>\nPrise souple situ\u00e9 sur la poign\u00e9e, il offre un confort suppl\u00e9mentaire aux utilisateurs.<\/p>\n<p>Livr\u00e9 avec<\/p>\n<p>1 Tuyau d\u2019air.<br \/>\n1 R\u00e9servoir + capuchon de r\u00e9servoir.<\/p>\n<p>1 Entonnoir de museur<br \/>\n1 Baguette de nettoyage<br \/>\n1 Brosse de nettoyage<br \/>\n1 Cl\u00e9 sp\u00e9ciale pour embout de pulv\u00e9risation<\/p>\n","protected":false},"excerpt":{"rendered":"<p>Pistolet \u00c0 Peinture \u00c9lectrique 1MM 500w ct31004 D\u00e9bit de peinture variable permet de r\u00e9gler l\u2019intensit\u00e9 de l\u2019application de peinture en assurant une couverture parfaite. Buse r\u00e9glable permet de choisir entre 3 formes de jet diff\u00e9rentes. Remplissage facile permet de remplir le r\u00e9servoir sans le d\u00e9monter. Nettoyage de s\u00e9curit\u00e9 \u00e9vitez les chocs \u00e9lectriques lors du nettoyage &hellip;<\/p>\n<p class=\"read-more\"> <a class=\"\" href=\"https:\/\/zdepot-dz.com\/?product=pistolet-a-peinture-electrique-1mm-500w-ct31004\"> <span class=\"screen-reader-text\">Pistolet \u00c0 Peinture \u00c9lectrique 1MM 500w ct31004<\/span> Lire la suite\u00a0\u00bb<\/a><\/p>\n","protected":false},"featured_media":1163,"comment_status":"closed","ping_status":"closed","template":"","meta":{"site-sidebar-layout":"default","site-content-layout":"default","ast-global-header-display":"","ast-banner-title-visibility":"","ast-main-header-display":"","ast-hfb-above-header-display":"","ast-hfb-below-header-display":"","ast-hfb-mobile-header-display":"","site-post-title":"","ast-breadcrumbs-content":"","ast-featured-img":"","footer-sml-layout":"","theme-transparent-header-meta":"default","adv-header-id-meta":"","stick-header-meta":"","header-above-stick-meta":"","header-main-stick-meta":"","header-below-stick-meta":""},"product_cat":[53,57],"product_tag":[63,82],"jetpack_sharing_enabled":true,"_links":{"self":[{"href":"https:\/\/zdepot-dz.com\/index.php?rest_route=\/wp\/v2\/product\/1162"}],"collection":[{"href":"https:\/\/zdepot-dz.com\/index.php?rest_route=\/wp\/v2\/product"}],"about":[{"href":"https:\/\/zdepot-dz.com\/index.php?rest_route=\/wp\/v2\/types\/product"}],"replies":[{"embeddable":true,"href":"https:\/\/zdepot-dz.com\/index.php?rest_route=%2Fwp%2Fv2%2Fcomments&post=1162"}],"wp:featuredmedia":[{"embeddable":true,"href":"https:\/\/zdepot-dz.com\/index.php?rest_route=\/wp\/v2\/media\/1163"}],"wp:attachment":[{"href":"https:\/\/zdepot-dz.com\/index.php?rest_route=%2Fwp%2Fv2%2Fmedia&parent=1162"}],"wp:term":[{"taxonomy":"product_cat","embeddable":true,"href":"https:\/\/zdepot-dz.com\/index.php?rest_route=%2Fwp%2Fv2%2Fproduct_cat&post=1162"},{"taxonomy":"product_tag","embeddable":true,"href":"https:\/\/zdepot-dz.com\/index.php?rest_route=%2Fwp%2Fv2%2Fproduct_tag&post=1162"}],"curies":[{"name":"wp","href":"https:\/\/api.w.org\/{rel}","templated":true}]}}