{"id":1148,"date":"2022-11-27T15:18:29","date_gmt":"2022-11-27T14:18:29","guid":{"rendered":"https:\/\/zdepot-dz.com\/?post_type=product&#038;p=1148"},"modified":"2023-04-09T10:34:21","modified_gmt":"2023-04-09T09:34:21","slug":"crown-marteau-perforateur-electrique","status":"publish","type":"product","link":"https:\/\/zdepot-dz.com\/?product=crown-marteau-perforateur-electrique","title":{"rendered":"Crown Marteau Perforateur \u00c9lectrique"},"content":{"rendered":"<h3>Crown Marteau Perforateur \u00c9lectrique<\/h3>\n<p><b>Marteau <\/b>perforateur rotatif puissant pour la plupart des <b>travaux <\/b>de burinage et de per\u00e7age, avec mandrin SDS Plus. Poign\u00e9e suppl\u00e9mentaire caoutchout\u00e9e anti-<b>vibration<\/b>, rotation \u00e0 360 degr\u00e9s Bo\u00eete de vitesses \u00e0 bain d&rsquo;huile pour un <b>fonctionnement <\/b>\u00e0 long terme sous de lourdes charges. La bo\u00eete de vitesses herm\u00e9tique en alliage de <b>magn\u00e9sium <\/b>offre un syst\u00e8me am\u00e9lior\u00e9 de faible poids refroidissement et protection fiable de la\u00a0 cin\u00e9matique contre la p\u00e9n\u00e9tration de poussi\u00e8re <b>Couvercle <\/b>de service pour le <b>remplacement <\/b>des balais de charbon Le syst\u00e8me SDS-Plus <b>simplifie <\/b>consid\u00e9rablement le remplacement de l&rsquo;outil de travail. Mandrin SDS PLUS. Per\u00e7age \/ Per\u00e7age \u00e0 percussion \/ Burinage. Embrayage de s\u00e9curit\u00e9. Poign\u00e9e en caoutchouc souple.<\/p>\n","protected":false},"excerpt":{"rendered":"<p>Crown Marteau Perforateur \u00c9lectrique Marteau perforateur rotatif puissant pour la plupart des travaux de burinage et de per\u00e7age, avec mandrin SDS Plus. Poign\u00e9e suppl\u00e9mentaire caoutchout\u00e9e anti-vibration, rotation \u00e0 360 degr\u00e9s Bo\u00eete de vitesses \u00e0 bain d&rsquo;huile pour un fonctionnement \u00e0 long terme sous de lourdes charges. La bo\u00eete de vitesses herm\u00e9tique en alliage de magn\u00e9sium &hellip;<\/p>\n<p class=\"read-more\"> <a class=\"\" href=\"https:\/\/zdepot-dz.com\/?product=crown-marteau-perforateur-electrique\"> <span class=\"screen-reader-text\">Crown Marteau Perforateur \u00c9lectrique<\/span> Lire la suite\u00a0\u00bb<\/a><\/p>\n","protected":false},"featured_media":1161,"comment_status":"closed","ping_status":"closed","template":"","meta":{"site-sidebar-layout":"default","site-content-layout":"default","ast-global-header-display":"","ast-banner-title-visibility":"","ast-main-header-display":"","ast-hfb-above-header-display":"","ast-hfb-below-header-display":"","ast-hfb-mobile-header-display":"","site-post-title":"","ast-breadcrumbs-content":"","ast-featured-img":"","footer-sml-layout":"","theme-transparent-header-meta":"default","adv-header-id-meta":"","stick-header-meta":"","header-above-stick-meta":"","header-main-stick-meta":"","header-below-stick-meta":""},"product_cat":[53],"product_tag":[63,81],"jetpack_sharing_enabled":true,"_links":{"self":[{"href":"https:\/\/zdepot-dz.com\/index.php?rest_route=\/wp\/v2\/product\/1148"}],"collection":[{"href":"https:\/\/zdepot-dz.com\/index.php?rest_route=\/wp\/v2\/product"}],"about":[{"href":"https:\/\/zdepot-dz.com\/index.php?rest_route=\/wp\/v2\/types\/product"}],"replies":[{"embeddable":true,"href":"https:\/\/zdepot-dz.com\/index.php?rest_route=%2Fwp%2Fv2%2Fcomments&post=1148"}],"wp:featuredmedia":[{"embeddable":true,"href":"https:\/\/zdepot-dz.com\/index.php?rest_route=\/wp\/v2\/media\/1161"}],"wp:attachment":[{"href":"https:\/\/zdepot-dz.com\/index.php?rest_route=%2Fwp%2Fv2%2Fmedia&parent=1148"}],"wp:term":[{"taxonomy":"product_cat","embeddable":true,"href":"https:\/\/zdepot-dz.com\/index.php?rest_route=%2Fwp%2Fv2%2Fproduct_cat&post=1148"},{"taxonomy":"product_tag","embeddable":true,"href":"https:\/\/zdepot-dz.com\/index.php?rest_route=%2Fwp%2Fv2%2Fproduct_tag&post=1148"}],"curies":[{"name":"wp","href":"https:\/\/api.w.org\/{rel}","templated":true}]}}