{"id":1141,"date":"2022-11-27T13:17:47","date_gmt":"2022-11-27T12:17:47","guid":{"rendered":"https:\/\/zdepot-dz.com\/?post_type=product&#038;p=1141"},"modified":"2023-04-09T10:28:34","modified_gmt":"2023-04-09T09:28:34","slug":"perceuse-crown-10mm-280w-ct10113","status":"publish","type":"product","link":"https:\/\/zdepot-dz.com\/?product=perceuse-crown-10mm-280w-ct10113","title":{"rendered":"Perceuse Crown 10mm 280W CT10113"},"content":{"rendered":"<h3>Perceuse Crown 10mm 280W CT10113<\/h3>\n<p>Id\u00e9al pour une vari\u00e9t\u00e9 d&rsquo;utilisations dans le bois, le plastique et le m\u00e9tal<br \/>\nMachine polyvalente avec contr\u00f4le du couple jusqu&rsquo;\u00e0 16 Nm<\/p>\n<p>Rev\u00eatement en caoutchouc sur la poign\u00e9e et le commutateur pour une meilleure adh\u00e9rence\u00a0l&rsquo; adh\u00e9rence l\u00e9g\u00e8re et l&rsquo;<br \/>\nOutil l\u00e9ger et compact<b><br \/>\n<\/b><b><br \/>\n<\/b><b>Sp\u00e9cifications :\u00a0\u00a0<\/b><\/p>\n<p>Le couple maximal est de 4-26 nm<\/p>\n<p>Consommation \u00e9lectrique 280 watts<\/p>\n<p>Puissance effective 280 watts<\/p>\n<p>La vitesse \u00e0 blanc est 0-1500 tr \/ min<\/p>\n<p>Diam\u00e8tre maximum de la vis 6.3 mm<\/p>\n<p>Porte-outil hexagonal de 6,35 mm<\/p>\n<p>Poids 1,2 kg<\/p>\n<p>Longueur \u00d7 Hauteur 26 \u00d7 25 cm<\/p>\n","protected":false},"excerpt":{"rendered":"<p>Perceuse Crown 10mm 280W CT10113 Id\u00e9al pour une vari\u00e9t\u00e9 d&rsquo;utilisations dans le bois, le plastique et le m\u00e9tal Machine polyvalente avec contr\u00f4le du couple jusqu&rsquo;\u00e0 16 Nm Rev\u00eatement en caoutchouc sur la poign\u00e9e et le commutateur pour une meilleure adh\u00e9rence\u00a0l&rsquo; adh\u00e9rence l\u00e9g\u00e8re et l&rsquo; Outil l\u00e9ger et compact Sp\u00e9cifications :\u00a0\u00a0 Le couple maximal est de &hellip;<\/p>\n<p class=\"read-more\"> <a class=\"\" href=\"https:\/\/zdepot-dz.com\/?product=perceuse-crown-10mm-280w-ct10113\"> <span class=\"screen-reader-text\">Perceuse Crown 10mm 280W CT10113<\/span> Lire la suite\u00a0\u00bb<\/a><\/p>\n","protected":false},"featured_media":1142,"comment_status":"closed","ping_status":"closed","template":"","meta":{"site-sidebar-layout":"default","site-content-layout":"default","ast-global-header-display":"","ast-banner-title-visibility":"","ast-main-header-display":"","ast-hfb-above-header-display":"","ast-hfb-below-header-display":"","ast-hfb-mobile-header-display":"","site-post-title":"","ast-breadcrumbs-content":"","ast-featured-img":"","footer-sml-layout":"","theme-transparent-header-meta":"default","adv-header-id-meta":"","stick-header-meta":"","header-above-stick-meta":"","header-main-stick-meta":"","header-below-stick-meta":""},"product_cat":[53],"product_tag":[63,28,79],"jetpack_sharing_enabled":true,"_links":{"self":[{"href":"https:\/\/zdepot-dz.com\/index.php?rest_route=\/wp\/v2\/product\/1141"}],"collection":[{"href":"https:\/\/zdepot-dz.com\/index.php?rest_route=\/wp\/v2\/product"}],"about":[{"href":"https:\/\/zdepot-dz.com\/index.php?rest_route=\/wp\/v2\/types\/product"}],"replies":[{"embeddable":true,"href":"https:\/\/zdepot-dz.com\/index.php?rest_route=%2Fwp%2Fv2%2Fcomments&post=1141"}],"wp:featuredmedia":[{"embeddable":true,"href":"https:\/\/zdepot-dz.com\/index.php?rest_route=\/wp\/v2\/media\/1142"}],"wp:attachment":[{"href":"https:\/\/zdepot-dz.com\/index.php?rest_route=%2Fwp%2Fv2%2Fmedia&parent=1141"}],"wp:term":[{"taxonomy":"product_cat","embeddable":true,"href":"https:\/\/zdepot-dz.com\/index.php?rest_route=%2Fwp%2Fv2%2Fproduct_cat&post=1141"},{"taxonomy":"product_tag","embeddable":true,"href":"https:\/\/zdepot-dz.com\/index.php?rest_route=%2Fwp%2Fv2%2Fproduct_tag&post=1141"}],"curies":[{"name":"wp","href":"https:\/\/api.w.org\/{rel}","templated":true}]}}