{"id":1137,"date":"2022-11-27T13:05:25","date_gmt":"2022-11-27T12:05:25","guid":{"rendered":"https:\/\/zdepot-dz.com\/?post_type=product&#038;p=1137"},"modified":"2023-04-09T10:28:11","modified_gmt":"2023-04-09T09:28:11","slug":"perceuse-crown-13mm-ct10065","status":"publish","type":"product","link":"https:\/\/zdepot-dz.com\/?product=perceuse-crown-13mm-ct10065","title":{"rendered":"Perceuse Crown 13mm CT10065"},"content":{"rendered":"<h3>Perceuse Crown 13mm CT10065<\/h3>\n<p>La CT10065 est une perceuse \u00e0 percussion l\u00e9g\u00e8re offrant un grand confort d\u2019utilisation. Le puissant moteur de 600W permet d\u2019effectuer facilement et rapidement des travaux m\u00eame difficiles. La perceuse garantit une vitesse stable, quelle que soit la charge.<\/p>\n","protected":false},"excerpt":{"rendered":"<p>Perceuse Crown 13mm CT10065 La CT10065 est une perceuse \u00e0 percussion l\u00e9g\u00e8re offrant un grand confort d\u2019utilisation. Le puissant moteur de 600W permet d\u2019effectuer facilement et rapidement des travaux m\u00eame difficiles. La perceuse garantit une vitesse stable, quelle que soit la charge.<\/p>\n","protected":false},"featured_media":1138,"comment_status":"closed","ping_status":"closed","template":"","meta":{"site-sidebar-layout":"default","site-content-layout":"default","ast-global-header-display":"","ast-banner-title-visibility":"","ast-main-header-display":"","ast-hfb-above-header-display":"","ast-hfb-below-header-display":"","ast-hfb-mobile-header-display":"","site-post-title":"","ast-breadcrumbs-content":"","ast-featured-img":"","footer-sml-layout":"","theme-transparent-header-meta":"default","adv-header-id-meta":"","stick-header-meta":"","header-above-stick-meta":"","header-main-stick-meta":"","header-below-stick-meta":""},"product_cat":[53],"product_tag":[63,79],"jetpack_sharing_enabled":true,"_links":{"self":[{"href":"https:\/\/zdepot-dz.com\/index.php?rest_route=\/wp\/v2\/product\/1137"}],"collection":[{"href":"https:\/\/zdepot-dz.com\/index.php?rest_route=\/wp\/v2\/product"}],"about":[{"href":"https:\/\/zdepot-dz.com\/index.php?rest_route=\/wp\/v2\/types\/product"}],"replies":[{"embeddable":true,"href":"https:\/\/zdepot-dz.com\/index.php?rest_route=%2Fwp%2Fv2%2Fcomments&post=1137"}],"wp:featuredmedia":[{"embeddable":true,"href":"https:\/\/zdepot-dz.com\/index.php?rest_route=\/wp\/v2\/media\/1138"}],"wp:attachment":[{"href":"https:\/\/zdepot-dz.com\/index.php?rest_route=%2Fwp%2Fv2%2Fmedia&parent=1137"}],"wp:term":[{"taxonomy":"product_cat","embeddable":true,"href":"https:\/\/zdepot-dz.com\/index.php?rest_route=%2Fwp%2Fv2%2Fproduct_cat&post=1137"},{"taxonomy":"product_tag","embeddable":true,"href":"https:\/\/zdepot-dz.com\/index.php?rest_route=%2Fwp%2Fv2%2Fproduct_tag&post=1137"}],"curies":[{"name":"wp","href":"https:\/\/api.w.org\/{rel}","templated":true}]}}