{"id":1122,"date":"2022-11-27T10:53:08","date_gmt":"2022-11-27T09:53:08","guid":{"rendered":"https:\/\/zdepot-dz.com\/?post_type=product&#038;p=1122"},"modified":"2023-04-09T10:15:56","modified_gmt":"2023-04-09T09:15:56","slug":"nettoyeur-crown-haute-pression-karcher","status":"publish","type":"product","link":"https:\/\/zdepot-dz.com\/?product=nettoyeur-crown-haute-pression-karcher","title":{"rendered":"Nettoyeur crown haute pression (karcher)"},"content":{"rendered":"<h3>Nettoyeur crown haute pression (karcher)<\/h3>\n<p>Gr\u00e2ce \u00e0 leur puissant moteur de 2000\/<b>1800W<\/b>, ce nettoyeur \u00e0 haute pression offre jusqu&rsquo;\u00e0 7.8 l\/m selon le mod\u00e8le.Le nettoyeur \u00e0 haute pression est \u00e9quip\u00e9 d&rsquo;un syst\u00e8me marche\/arr\u00eat automatique.<\/p>\n<p>Cela signifie que le moteur ne d\u00e9marre que lorsque vous actionnez le pistolet \u00e0 eau (ou que le moteur s&rsquo;arr\u00eate imm\u00e9diatement lorsque vous rel\u00e2chez le pistolet \u00e0 eau). C\u2019est non seulement tr\u00e8s pratique mais vous \u00e9conomisez aussi \u00e9norm\u00e9ment en \u00e9nergie et en eau.<\/p>\n<p><b>Le CT42022\/CT42024 <\/b>est un vrai outil polyvalent qui vous permet aussi d&rsquo;utiliser du savon ou des d\u00e9tergents gr\u00e2ce \u00e0 son r\u00e9servoir de savon int\u00e9gr\u00e9. Ce nettoyeur haute pression a tellement d&rsquo;accessoires pratiques que vous pouvez vraiment l&rsquo;utiliser pour tout.<\/p>\n<p>Vous pouvez r\u00e9gler le mode de pulv\u00e9risation du nettoyeur haute pression au moyen de la buse r\u00e9glable.<\/p>\n<p>La buse rotative sert \u00e0 \u00e9liminer la salet\u00e9 la plus tenace. Une bouteille de savon est \u00e9galement incluse, que vous pouvez raccorder au pistolet pour nettoyer avec du d\u00e9tergent. N&rsquo;oublions non plus l&rsquo;outil de nettoyage pour patio et l&rsquo;extension de lance.<\/p>\n","protected":false},"excerpt":{"rendered":"<p>Nettoyeur crown haute pression (karcher) Gr\u00e2ce \u00e0 leur puissant moteur de 2000\/1800W, ce nettoyeur \u00e0 haute pression offre jusqu&rsquo;\u00e0 7.8 l\/m selon le mod\u00e8le.Le nettoyeur \u00e0 haute pression est \u00e9quip\u00e9 d&rsquo;un syst\u00e8me marche\/arr\u00eat automatique. Cela signifie que le moteur ne d\u00e9marre que lorsque vous actionnez le pistolet \u00e0 eau (ou que le moteur s&rsquo;arr\u00eate imm\u00e9diatement &hellip;<\/p>\n<p class=\"read-more\"> <a class=\"\" href=\"https:\/\/zdepot-dz.com\/?product=nettoyeur-crown-haute-pression-karcher\"> <span class=\"screen-reader-text\">Nettoyeur crown haute pression (karcher)<\/span> Lire la suite\u00a0\u00bb<\/a><\/p>\n","protected":false},"featured_media":1128,"comment_status":"closed","ping_status":"closed","template":"","meta":{"site-sidebar-layout":"default","site-content-layout":"default","ast-global-header-display":"","ast-banner-title-visibility":"","ast-main-header-display":"","ast-hfb-above-header-display":"","ast-hfb-below-header-display":"","ast-hfb-mobile-header-display":"","site-post-title":"","ast-breadcrumbs-content":"","ast-featured-img":"","footer-sml-layout":"","theme-transparent-header-meta":"default","adv-header-id-meta":"","stick-header-meta":"","header-above-stick-meta":"","header-main-stick-meta":"","header-below-stick-meta":""},"product_cat":[53],"product_tag":[63,76,36],"jetpack_sharing_enabled":true,"_links":{"self":[{"href":"https:\/\/zdepot-dz.com\/index.php?rest_route=\/wp\/v2\/product\/1122"}],"collection":[{"href":"https:\/\/zdepot-dz.com\/index.php?rest_route=\/wp\/v2\/product"}],"about":[{"href":"https:\/\/zdepot-dz.com\/index.php?rest_route=\/wp\/v2\/types\/product"}],"replies":[{"embeddable":true,"href":"https:\/\/zdepot-dz.com\/index.php?rest_route=%2Fwp%2Fv2%2Fcomments&post=1122"}],"wp:featuredmedia":[{"embeddable":true,"href":"https:\/\/zdepot-dz.com\/index.php?rest_route=\/wp\/v2\/media\/1128"}],"wp:attachment":[{"href":"https:\/\/zdepot-dz.com\/index.php?rest_route=%2Fwp%2Fv2%2Fmedia&parent=1122"}],"wp:term":[{"taxonomy":"product_cat","embeddable":true,"href":"https:\/\/zdepot-dz.com\/index.php?rest_route=%2Fwp%2Fv2%2Fproduct_cat&post=1122"},{"taxonomy":"product_tag","embeddable":true,"href":"https:\/\/zdepot-dz.com\/index.php?rest_route=%2Fwp%2Fv2%2Fproduct_tag&post=1122"}],"curies":[{"name":"wp","href":"https:\/\/api.w.org\/{rel}","templated":true}]}}