{"id":1114,"date":"2022-11-27T09:59:30","date_gmt":"2022-11-27T08:59:30","guid":{"rendered":"https:\/\/zdepot-dz.com\/?post_type=product&#038;p=1114"},"modified":"2023-04-09T10:15:35","modified_gmt":"2023-04-09T09:15:35","slug":"crown-multimetre","status":"publish","type":"product","link":"https:\/\/zdepot-dz.com\/?product=crown-multimetre","title":{"rendered":"Crown Multim\u00e8tre"},"content":{"rendered":"<p>Multim\u00e8tre Crown<\/p>\n<p>CT44051 600V<\/p>\n<p>CT44052 1000V<\/p>\n<p>CT44053 600V Pince Amp\u00e8re M\u00e9trique<\/p>\n<p>&nbsp;<\/p>\n","protected":false},"excerpt":{"rendered":"<p>Multim\u00e8tre Crown CT44051 600V CT44052 1000V CT44053 600V Pince Amp\u00e8re M\u00e9trique &nbsp;<\/p>\n","protected":false},"featured_media":1121,"comment_status":"closed","ping_status":"closed","template":"","meta":{"site-sidebar-layout":"default","site-content-layout":"default","ast-global-header-display":"","ast-banner-title-visibility":"","ast-main-header-display":"","ast-hfb-above-header-display":"","ast-hfb-below-header-display":"","ast-hfb-mobile-header-display":"","site-post-title":"","ast-breadcrumbs-content":"","ast-featured-img":"","footer-sml-layout":"","theme-transparent-header-meta":"default","adv-header-id-meta":"","stick-header-meta":"","header-above-stick-meta":"","header-main-stick-meta":"","header-below-stick-meta":""},"product_cat":[51],"product_tag":[63,75],"jetpack_sharing_enabled":true,"_links":{"self":[{"href":"https:\/\/zdepot-dz.com\/index.php?rest_route=\/wp\/v2\/product\/1114"}],"collection":[{"href":"https:\/\/zdepot-dz.com\/index.php?rest_route=\/wp\/v2\/product"}],"about":[{"href":"https:\/\/zdepot-dz.com\/index.php?rest_route=\/wp\/v2\/types\/product"}],"replies":[{"embeddable":true,"href":"https:\/\/zdepot-dz.com\/index.php?rest_route=%2Fwp%2Fv2%2Fcomments&post=1114"}],"wp:featuredmedia":[{"embeddable":true,"href":"https:\/\/zdepot-dz.com\/index.php?rest_route=\/wp\/v2\/media\/1121"}],"wp:attachment":[{"href":"https:\/\/zdepot-dz.com\/index.php?rest_route=%2Fwp%2Fv2%2Fmedia&parent=1114"}],"wp:term":[{"taxonomy":"product_cat","embeddable":true,"href":"https:\/\/zdepot-dz.com\/index.php?rest_route=%2Fwp%2Fv2%2Fproduct_cat&post=1114"},{"taxonomy":"product_tag","embeddable":true,"href":"https:\/\/zdepot-dz.com\/index.php?rest_route=%2Fwp%2Fv2%2Fproduct_tag&post=1114"}],"curies":[{"name":"wp","href":"https:\/\/api.w.org\/{rel}","templated":true}]}}