{"id":1109,"date":"2022-11-26T16:47:14","date_gmt":"2022-11-26T15:47:14","guid":{"rendered":"https:\/\/zdepot-dz.com\/?post_type=product&#038;p=1109"},"modified":"2023-04-09T10:15:20","modified_gmt":"2023-04-09T09:15:20","slug":"groupe-electrogene-crown-2000w","status":"publish","type":"product","link":"https:\/\/zdepot-dz.com\/?product=groupe-electrogene-crown-2000w","title":{"rendered":"Groupe \u00e9lectrog\u00e8ne crown 2000W"},"content":{"rendered":"<h3>Groupe \u00e9lectrog\u00e8ne crown 2000W<\/h3>\n<p>La puissance du g\u00e9n\u00e9rateur qui fournit 2000W, est id\u00e9al pour suffit une simple maison<\/p>\n<header class=\"-pvs -bb\">\n<h2 class=\"-fs20 -m -phm -pvxs\">Fiche technique<\/h2>\n<\/header>\n<div class=\"row -pas\">\n<article class=\"col8 -pvs\">\n<div class=\"card-b -fh\">\n<div class=\"markup -pam\">\n<p>Type du produit : Groupe Essence<\/p>\n<p>Marque : CROWN<\/p>\n<p>Puissance : 2000W<\/p>\n<p>Gamme: Groupe \u00e9lectrog\u00e8ne<\/p>\n<p>R\u00e9servoir de carburant (L): 15<\/p>\n<p>5.5HP<\/p>\n<\/div>\n<\/div>\n<\/article>\n<article class=\"col8 -pvs\">\n<div class=\"card-b -fh\"><\/div>\n<\/article>\n<\/div>\n","protected":false},"excerpt":{"rendered":"<p>Groupe \u00e9lectrog\u00e8ne crown 2000W La puissance du g\u00e9n\u00e9rateur qui fournit 2000W, est id\u00e9al pour suffit une simple maison Fiche technique Type du produit : Groupe Essence Marque : CROWN Puissance : 2000W Gamme: Groupe \u00e9lectrog\u00e8ne R\u00e9servoir de carburant (L): 15 5.5HP<\/p>\n","protected":false},"featured_media":1110,"comment_status":"closed","ping_status":"closed","template":"","meta":{"site-sidebar-layout":"default","site-content-layout":"default","ast-global-header-display":"","ast-banner-title-visibility":"","ast-main-header-display":"","ast-hfb-above-header-display":"","ast-hfb-below-header-display":"","ast-hfb-mobile-header-display":"","site-post-title":"","ast-breadcrumbs-content":"","ast-featured-img":"","footer-sml-layout":"","theme-transparent-header-meta":"default","adv-header-id-meta":"","stick-header-meta":"","header-above-stick-meta":"","header-main-stick-meta":"","header-below-stick-meta":""},"product_cat":[53],"product_tag":[],"jetpack_sharing_enabled":true,"_links":{"self":[{"href":"https:\/\/zdepot-dz.com\/index.php?rest_route=\/wp\/v2\/product\/1109"}],"collection":[{"href":"https:\/\/zdepot-dz.com\/index.php?rest_route=\/wp\/v2\/product"}],"about":[{"href":"https:\/\/zdepot-dz.com\/index.php?rest_route=\/wp\/v2\/types\/product"}],"replies":[{"embeddable":true,"href":"https:\/\/zdepot-dz.com\/index.php?rest_route=%2Fwp%2Fv2%2Fcomments&post=1109"}],"wp:featuredmedia":[{"embeddable":true,"href":"https:\/\/zdepot-dz.com\/index.php?rest_route=\/wp\/v2\/media\/1110"}],"wp:attachment":[{"href":"https:\/\/zdepot-dz.com\/index.php?rest_route=%2Fwp%2Fv2%2Fmedia&parent=1109"}],"wp:term":[{"taxonomy":"product_cat","embeddable":true,"href":"https:\/\/zdepot-dz.com\/index.php?rest_route=%2Fwp%2Fv2%2Fproduct_cat&post=1109"},{"taxonomy":"product_tag","embeddable":true,"href":"https:\/\/zdepot-dz.com\/index.php?rest_route=%2Fwp%2Fv2%2Fproduct_tag&post=1109"}],"curies":[{"name":"wp","href":"https:\/\/api.w.org\/{rel}","templated":true}]}}