{"id":1101,"date":"2022-11-26T15:15:22","date_gmt":"2022-11-26T14:15:22","guid":{"rendered":"https:\/\/zdepot-dz.com\/?post_type=product&#038;p=1101"},"modified":"2023-04-09T10:14:53","modified_gmt":"2023-04-09T09:14:53","slug":"crown-debroussailleuse-multifonction-1400w","status":"publish","type":"product","link":"https:\/\/zdepot-dz.com\/?product=crown-debroussailleuse-multifonction-1400w","title":{"rendered":"CROWN D\u00e9broussailleuse Multifonction 1400W"},"content":{"rendered":"<h3>CROWN D\u00e9broussailleuse Multifonction 1400W<\/h3>\n<p>Puissance de sortie 1400 W<br \/>\nVitesse de ralenti 3000 \u00b1 200 min\u02c9\u00b9<br \/>\nCaract\u00e9ristiques du moteur 1 cylindre \u2013 2 temps \u2013 Refroidissement par air<br \/>\nCylindr\u00e9e du moteur 51,7 cm\u00b3<br \/>\nLargeur de coupe de la lame 255 millim\u00e8tre<br \/>\nLargeur de coupe de ligne en nylon 430 millim\u00e8tres<br \/>\nCapacit\u00e9 du r\u00e9servoir de carburant 1100 ml<br \/>\nPoids 8 kilogrammes<\/p>\n","protected":false},"excerpt":{"rendered":"<p>CROWN D\u00e9broussailleuse Multifonction 1400W Puissance de sortie 1400 W Vitesse de ralenti 3000 \u00b1 200 min\u02c9\u00b9 Caract\u00e9ristiques du moteur 1 cylindre \u2013 2 temps \u2013 Refroidissement par air Cylindr\u00e9e du moteur 51,7 cm\u00b3 Largeur de coupe de la lame 255 millim\u00e8tre Largeur de coupe de ligne en nylon 430 millim\u00e8tres Capacit\u00e9 du r\u00e9servoir de carburant &hellip;<\/p>\n<p class=\"read-more\"> <a class=\"\" href=\"https:\/\/zdepot-dz.com\/?product=crown-debroussailleuse-multifonction-1400w\"> <span class=\"screen-reader-text\">CROWN D\u00e9broussailleuse Multifonction 1400W<\/span> Lire la suite\u00a0\u00bb<\/a><\/p>\n","protected":false},"featured_media":1102,"comment_status":"closed","ping_status":"closed","template":"","meta":{"site-sidebar-layout":"default","site-content-layout":"default","ast-global-header-display":"","ast-banner-title-visibility":"","ast-main-header-display":"","ast-hfb-above-header-display":"","ast-hfb-below-header-display":"","ast-hfb-mobile-header-display":"","site-post-title":"","ast-breadcrumbs-content":"","ast-featured-img":"","footer-sml-layout":"","theme-transparent-header-meta":"default","adv-header-id-meta":"","stick-header-meta":"","header-above-stick-meta":"","header-main-stick-meta":"","header-below-stick-meta":""},"product_cat":[53],"product_tag":[63,73],"jetpack_sharing_enabled":true,"_links":{"self":[{"href":"https:\/\/zdepot-dz.com\/index.php?rest_route=\/wp\/v2\/product\/1101"}],"collection":[{"href":"https:\/\/zdepot-dz.com\/index.php?rest_route=\/wp\/v2\/product"}],"about":[{"href":"https:\/\/zdepot-dz.com\/index.php?rest_route=\/wp\/v2\/types\/product"}],"replies":[{"embeddable":true,"href":"https:\/\/zdepot-dz.com\/index.php?rest_route=%2Fwp%2Fv2%2Fcomments&post=1101"}],"wp:featuredmedia":[{"embeddable":true,"href":"https:\/\/zdepot-dz.com\/index.php?rest_route=\/wp\/v2\/media\/1102"}],"wp:attachment":[{"href":"https:\/\/zdepot-dz.com\/index.php?rest_route=%2Fwp%2Fv2%2Fmedia&parent=1101"}],"wp:term":[{"taxonomy":"product_cat","embeddable":true,"href":"https:\/\/zdepot-dz.com\/index.php?rest_route=%2Fwp%2Fv2%2Fproduct_cat&post=1101"},{"taxonomy":"product_tag","embeddable":true,"href":"https:\/\/zdepot-dz.com\/index.php?rest_route=%2Fwp%2Fv2%2Fproduct_tag&post=1101"}],"curies":[{"name":"wp","href":"https:\/\/api.w.org\/{rel}","templated":true}]}}