{"id":1095,"date":"2022-11-26T13:54:29","date_gmt":"2022-11-26T12:54:29","guid":{"rendered":"https:\/\/zdepot-dz.com\/?post_type=product&#038;p=1095"},"modified":"2023-04-09T10:39:54","modified_gmt":"2023-04-09T09:39:54","slug":"coupe-faience-electrique-crown-450w","status":"publish","type":"product","link":"https:\/\/zdepot-dz.com\/?product=coupe-faience-electrique-crown-450w","title":{"rendered":"coupe fa\u00efence \u00e9lectrique crown 450w"},"content":{"rendered":"<h3>coupe fa\u00efence \u00e9lectrique crown 450w<\/h3>\n<p>Le coupe fa\u00efence \u00e9lectrique CT15169 de Crown dispose d\u2019une puissance de 450 Watt. Le plateau solide en acier inoxydable est \u00e9quip\u00e9 d\u2019une \u00e9querre gradu\u00e9e jusqu\u2019\u00e0 45\u00b0 et de pieds antid\u00e9rapants. La but\u00e9e parall\u00e8le avec graduations assure un guidage de coupe pr\u00e9cis. La but\u00e9e d\u2019angle est r\u00e9glable de 0 \u00e0 +45\u00b0 pour des coupes d\u2019onglets. Un bac \u00e0 eau int\u00e9gr\u00e9 permet le refroidissement par eau indispensable du disque \u00e0 tron\u00e7onner. Un capot de protection du disque assure la s\u00e9curit\u00e9 n\u00e9cessaire lors de l\u2019utilisation. La livraison comprend un disque \u00e0 tron\u00e7onner au diamant et une cl\u00e9 pour le changement du disque. La poign\u00e9e permet de d\u00e9placer facilement l\u2019outil d\u2019un endroit \u00e0 un autre; Un enroulement du c\u00e2ble assure un rangement impeccable apr\u00e8s utilisation.\u201d<\/p>\n<h3>Fiche technique<\/h3>\n<p>Poids :<br \/>\n12kg<br \/>\nPuissance Nominale:<br \/>\n450W<br \/>\nTension :<br \/>\n220-230V~ 50\/60Hz<br \/>\nVitesse \u00c0 Vide:<br \/>\n2800tr\/min<br \/>\nDiam\u00e8tre Ext\u00e9rieur Du Disque:<br \/>\n180mm<br \/>\nProfondeur De Coupe :<br \/>\n34mm \u00e0 90\u00b0 et 21mm \u00e0 45\u00b0<br \/>\nTaille De Table :<br \/>\n385 x 395 mm<br \/>\nInclinaison De Table :<br \/>\n0-45\u00b0\u201d<\/p>\n","protected":false},"excerpt":{"rendered":"<p>coupe fa\u00efence \u00e9lectrique crown 450w Le coupe fa\u00efence \u00e9lectrique CT15169 de Crown dispose d\u2019une puissance de 450 Watt. Le plateau solide en acier inoxydable est \u00e9quip\u00e9 d\u2019une \u00e9querre gradu\u00e9e jusqu\u2019\u00e0 45\u00b0 et de pieds antid\u00e9rapants. La but\u00e9e parall\u00e8le avec graduations assure un guidage de coupe pr\u00e9cis. La but\u00e9e d\u2019angle est r\u00e9glable de 0 \u00e0 +45\u00b0 &hellip;<\/p>\n<p class=\"read-more\"> <a class=\"\" href=\"https:\/\/zdepot-dz.com\/?product=coupe-faience-electrique-crown-450w\"> <span class=\"screen-reader-text\">coupe fa\u00efence \u00e9lectrique crown 450w<\/span> Lire la suite\u00a0\u00bb<\/a><\/p>\n","protected":false},"featured_media":1096,"comment_status":"closed","ping_status":"closed","template":"","meta":{"site-sidebar-layout":"default","site-content-layout":"default","ast-global-header-display":"","ast-banner-title-visibility":"","ast-main-header-display":"","ast-hfb-above-header-display":"","ast-hfb-below-header-display":"","ast-hfb-mobile-header-display":"","site-post-title":"","ast-breadcrumbs-content":"","ast-featured-img":"","footer-sml-layout":"","theme-transparent-header-meta":"default","adv-header-id-meta":"","stick-header-meta":"","header-above-stick-meta":"","header-main-stick-meta":"","header-below-stick-meta":""},"product_cat":[53],"product_tag":[72,63],"jetpack_sharing_enabled":true,"_links":{"self":[{"href":"https:\/\/zdepot-dz.com\/index.php?rest_route=\/wp\/v2\/product\/1095"}],"collection":[{"href":"https:\/\/zdepot-dz.com\/index.php?rest_route=\/wp\/v2\/product"}],"about":[{"href":"https:\/\/zdepot-dz.com\/index.php?rest_route=\/wp\/v2\/types\/product"}],"replies":[{"embeddable":true,"href":"https:\/\/zdepot-dz.com\/index.php?rest_route=%2Fwp%2Fv2%2Fcomments&post=1095"}],"wp:featuredmedia":[{"embeddable":true,"href":"https:\/\/zdepot-dz.com\/index.php?rest_route=\/wp\/v2\/media\/1096"}],"wp:attachment":[{"href":"https:\/\/zdepot-dz.com\/index.php?rest_route=%2Fwp%2Fv2%2Fmedia&parent=1095"}],"wp:term":[{"taxonomy":"product_cat","embeddable":true,"href":"https:\/\/zdepot-dz.com\/index.php?rest_route=%2Fwp%2Fv2%2Fproduct_cat&post=1095"},{"taxonomy":"product_tag","embeddable":true,"href":"https:\/\/zdepot-dz.com\/index.php?rest_route=%2Fwp%2Fv2%2Fproduct_tag&post=1095"}],"curies":[{"name":"wp","href":"https:\/\/api.w.org\/{rel}","templated":true}]}}