{"id":1054,"date":"2022-11-20T17:46:48","date_gmt":"2022-11-20T16:46:48","guid":{"rendered":"https:\/\/zdepot-dz.com\/?post_type=product&#038;p=1054"},"modified":"2023-04-09T10:10:06","modified_gmt":"2023-04-09T09:10:06","slug":"aspirateur-crown","status":"publish","type":"product","link":"https:\/\/zdepot-dz.com\/?product=aspirateur-crown","title":{"rendered":"Aspirateur Crown"},"content":{"rendered":"<h3>Aspirateur Crown<\/h3>\n<ul>\n<li>Sac ou sans sacSans sac<\/li>\n<li>Puissance (W):80<\/li>\n<li>Tension (V):14,8<\/li>\n<li>Taper:Cyclone<\/li>\n<li>Installation:TENUE \u00c0 LA MAIN<\/li>\n<li>Application:H\u00f4tel, Voiture, Garage, M\u00e9nage<\/li>\n<li>Source d&rsquo;\u00e9nergie:Batterie, \u00c9lectrique<\/li>\n<li>Temps de travail:21 minutes<\/li>\n<li>Temps de charge:5,5 heures<\/li>\n<li>Capacit\u00e9 de poussi\u00e8re:0,45 L<\/li>\n<li>Filtre:HEPA<\/li>\n<li>Succion:6 kpa<\/li>\n<\/ul>\n","protected":false},"excerpt":{"rendered":"<p>Aspirateur Crown Sac ou sans sacSans sac Puissance (W):80 Tension (V):14,8 Taper:Cyclone Installation:TENUE \u00c0 LA MAIN Application:H\u00f4tel, Voiture, Garage, M\u00e9nage Source d&rsquo;\u00e9nergie:Batterie, \u00c9lectrique Temps de travail:21 minutes Temps de charge:5,5 heures Capacit\u00e9 de poussi\u00e8re:0,45 L Filtre:HEPA Succion:6 kpa<\/p>\n","protected":false},"featured_media":1055,"comment_status":"closed","ping_status":"closed","template":"","meta":{"site-sidebar-layout":"default","site-content-layout":"default","ast-global-header-display":"","ast-banner-title-visibility":"","ast-main-header-display":"","ast-hfb-above-header-display":"","ast-hfb-below-header-display":"","ast-hfb-mobile-header-display":"","site-post-title":"","ast-breadcrumbs-content":"","ast-featured-img":"","footer-sml-layout":"","theme-transparent-header-meta":"default","adv-header-id-meta":"","stick-header-meta":"","header-above-stick-meta":"","header-main-stick-meta":"","header-below-stick-meta":""},"product_cat":[53],"product_tag":[38,63],"jetpack_sharing_enabled":true,"_links":{"self":[{"href":"https:\/\/zdepot-dz.com\/index.php?rest_route=\/wp\/v2\/product\/1054"}],"collection":[{"href":"https:\/\/zdepot-dz.com\/index.php?rest_route=\/wp\/v2\/product"}],"about":[{"href":"https:\/\/zdepot-dz.com\/index.php?rest_route=\/wp\/v2\/types\/product"}],"replies":[{"embeddable":true,"href":"https:\/\/zdepot-dz.com\/index.php?rest_route=%2Fwp%2Fv2%2Fcomments&post=1054"}],"wp:featuredmedia":[{"embeddable":true,"href":"https:\/\/zdepot-dz.com\/index.php?rest_route=\/wp\/v2\/media\/1055"}],"wp:attachment":[{"href":"https:\/\/zdepot-dz.com\/index.php?rest_route=%2Fwp%2Fv2%2Fmedia&parent=1054"}],"wp:term":[{"taxonomy":"product_cat","embeddable":true,"href":"https:\/\/zdepot-dz.com\/index.php?rest_route=%2Fwp%2Fv2%2Fproduct_cat&post=1054"},{"taxonomy":"product_tag","embeddable":true,"href":"https:\/\/zdepot-dz.com\/index.php?rest_route=%2Fwp%2Fv2%2Fproduct_tag&post=1054"}],"curies":[{"name":"wp","href":"https:\/\/api.w.org\/{rel}","templated":true}]}}